{"id":515,"date":"2025-02-18T22:15:20","date_gmt":"2025-02-18T22:15:20","guid":{"rendered":"https:\/\/fase.org.br\/caminhodasaguas\/?page_id=515"},"modified":"2025-02-18T23:12:50","modified_gmt":"2025-02-18T23:12:50","slug":"onde-atuamos","status":"publish","type":"page","link":"https:\/\/fase.org.br\/caminhodasaguas\/onde-atuamos\/","title":{"rendered":"ONDE ATUAMOS"},"content":{"rendered":"\n<p>Em cada regi\u00e3o onde a FASE est\u00e1 presente, trabalhamos em parceria com as popula\u00e7\u00f5es locais, considerando as especificidades e demandas territoriais, sociais e pol\u00edticas para assegurar um futuro com \u00e1guas limpas, abundantes e acess\u00edveis para todas as pessoas.<br><\/p>\n\n\n\n<p>Saiba mais sobre nosso trabalho em cada territ\u00f3rio e em n\u00edvel nacional:<\/p>\n\n\n\n<figure class=\"wp-block-image size-full\"><img loading=\"lazy\" decoding=\"async\" width=\"960\" height=\"902\" src=\"https:\/\/fase.org.br\/caminhodasaguas\/wp-content\/uploads\/2025\/02\/Onde-atuamos-mapa.png\" alt=\"\" class=\"wp-image-564\" srcset=\"https:\/\/fase.org.br\/caminhodasaguas\/wp-content\/uploads\/2025\/02\/Onde-atuamos-mapa.png 960w, https:\/\/fase.org.br\/caminhodasaguas\/wp-content\/uploads\/2025\/02\/Onde-atuamos-mapa-300x282.png 300w, https:\/\/fase.org.br\/caminhodasaguas\/wp-content\/uploads\/2025\/02\/Onde-atuamos-mapa-768x722.png 768w\" sizes=\"auto, (max-width: 960px) 100vw, 960px\" \/><\/figure>\n","protected":false},"excerpt":{"rendered":"<p>Em cada regi\u00e3o onde a FASE est\u00e1 presente, trabalhamos em parceria com as popula\u00e7\u00f5es locais,&#8230;<\/p>\n","protected":false},"author":1,"featured_media":0,"parent":0,"menu_order":0,"comment_status":"closed","ping_status":"closed","template":"","meta":{"_acf_changed":false,"footnotes":""},"class_list":["post-515","page","type-page","status-publish","hentry"],"acf":[],"yoast_head":"<!-- This site is optimized with the Yoast SEO plugin v27.3 - https:\/\/yoast.com\/product\/yoast-seo-wordpress\/ -->\n<title>ONDE ATUAMOS - Caminho das \u00c1guas<\/title>\n<meta name=\"robots\" content=\"index, follow, max-snippet:-1, max-image-preview:large, max-video-preview:-1\" \/>\n<link rel=\"canonical\" href=\"https:\/\/fase.org.br\/caminhodasaguas\/onde-atuamos\/\" \/>\n<meta property=\"og:locale\" content=\"pt_BR\" \/>\n<meta property=\"og:type\" content=\"article\" \/>\n<meta property=\"og:title\" content=\"ONDE ATUAMOS - Caminho das \u00c1guas\" \/>\n<meta property=\"og:description\" content=\"Em cada regi\u00e3o onde a FASE est\u00e1 presente, trabalhamos em parceria com as popula\u00e7\u00f5es locais,...\" \/>\n<meta property=\"og:url\" content=\"https:\/\/fase.org.br\/caminhodasaguas\/onde-atuamos\/\" \/>\n<meta property=\"og:site_name\" content=\"Caminho das \u00c1guas\" \/>\n<meta property=\"article:modified_time\" content=\"2025-02-18T23:12:50+00:00\" \/>\n<meta property=\"og:image\" content=\"https:\/\/fase.org.br\/caminhodasaguas\/wp-content\/uploads\/2025\/02\/Onde-atuamos-mapa.png\" \/>\n<meta name=\"twitter:card\" content=\"summary_large_image\" \/>\n<meta name=\"twitter:label1\" content=\"Est. tempo de leitura\" \/>\n\t<meta name=\"twitter:data1\" content=\"1 minuto\" \/>\n<script type=\"application\/ld+json\" class=\"yoast-schema-graph\">{\"@context\":\"https:\\\/\\\/schema.org\",\"@graph\":[{\"@type\":\"WebPage\",\"@id\":\"https:\\\/\\\/fase.org.br\\\/caminhodasaguas\\\/onde-atuamos\\\/\",\"url\":\"https:\\\/\\\/fase.org.br\\\/caminhodasaguas\\\/onde-atuamos\\\/\",\"name\":\"ONDE ATUAMOS - Caminho das \u00c1guas\",\"isPartOf\":{\"@id\":\"https:\\\/\\\/fase.org.br\\\/caminhodasaguas\\\/#website\"},\"primaryImageOfPage\":{\"@id\":\"https:\\\/\\\/fase.org.br\\\/caminhodasaguas\\\/onde-atuamos\\\/#primaryimage\"},\"image\":{\"@id\":\"https:\\\/\\\/fase.org.br\\\/caminhodasaguas\\\/onde-atuamos\\\/#primaryimage\"},\"thumbnailUrl\":\"https:\\\/\\\/fase.org.br\\\/caminhodasaguas\\\/wp-content\\\/uploads\\\/2025\\\/02\\\/Onde-atuamos-mapa.png\",\"datePublished\":\"2025-02-18T22:15:20+00:00\",\"dateModified\":\"2025-02-18T23:12:50+00:00\",\"breadcrumb\":{\"@id\":\"https:\\\/\\\/fase.org.br\\\/caminhodasaguas\\\/onde-atuamos\\\/#breadcrumb\"},\"inLanguage\":\"pt-BR\",\"potentialAction\":[{\"@type\":\"ReadAction\",\"target\":[\"https:\\\/\\\/fase.org.br\\\/caminhodasaguas\\\/onde-atuamos\\\/\"]}]},{\"@type\":\"ImageObject\",\"inLanguage\":\"pt-BR\",\"@id\":\"https:\\\/\\\/fase.org.br\\\/caminhodasaguas\\\/onde-atuamos\\\/#primaryimage\",\"url\":\"https:\\\/\\\/fase.org.br\\\/caminhodasaguas\\\/wp-content\\\/uploads\\\/2025\\\/02\\\/Onde-atuamos-mapa.png\",\"contentUrl\":\"https:\\\/\\\/fase.org.br\\\/caminhodasaguas\\\/wp-content\\\/uploads\\\/2025\\\/02\\\/Onde-atuamos-mapa.png\",\"width\":960,\"height\":902},{\"@type\":\"BreadcrumbList\",\"@id\":\"https:\\\/\\\/fase.org.br\\\/caminhodasaguas\\\/onde-atuamos\\\/#breadcrumb\",\"itemListElement\":[{\"@type\":\"ListItem\",\"position\":1,\"name\":\"In\u00edcio\",\"item\":\"https:\\\/\\\/fase.org.br\\\/caminhodasaguas\\\/\"},{\"@type\":\"ListItem\",\"position\":2,\"name\":\"ONDE ATUAMOS\"}]},{\"@type\":\"WebSite\",\"@id\":\"https:\\\/\\\/fase.org.br\\\/caminhodasaguas\\\/#website\",\"url\":\"https:\\\/\\\/fase.org.br\\\/caminhodasaguas\\\/\",\"name\":\"Caminho das \u00c1guas\",\"description\":\"\",\"potentialAction\":[{\"@type\":\"SearchAction\",\"target\":{\"@type\":\"EntryPoint\",\"urlTemplate\":\"https:\\\/\\\/fase.org.br\\\/caminhodasaguas\\\/?s={search_term_string}\"},\"query-input\":{\"@type\":\"PropertyValueSpecification\",\"valueRequired\":true,\"valueName\":\"search_term_string\"}}],\"inLanguage\":\"pt-BR\"}]}<\/script>\n<!-- \/ Yoast SEO plugin. -->","yoast_head_json":{"title":"ONDE ATUAMOS - Caminho das \u00c1guas","robots":{"index":"index","follow":"follow","max-snippet":"max-snippet:-1","max-image-preview":"max-image-preview:large","max-video-preview":"max-video-preview:-1"},"canonical":"https:\/\/fase.org.br\/caminhodasaguas\/onde-atuamos\/","og_locale":"pt_BR","og_type":"article","og_title":"ONDE ATUAMOS - Caminho das \u00c1guas","og_description":"Em cada regi\u00e3o onde a FASE est\u00e1 presente, trabalhamos em parceria com as popula\u00e7\u00f5es locais,...","og_url":"https:\/\/fase.org.br\/caminhodasaguas\/onde-atuamos\/","og_site_name":"Caminho das \u00c1guas","article_modified_time":"2025-02-18T23:12:50+00:00","og_image":[{"url":"https:\/\/fase.org.br\/caminhodasaguas\/wp-content\/uploads\/2025\/02\/Onde-atuamos-mapa.png","type":"","width":"","height":""}],"twitter_card":"summary_large_image","twitter_misc":{"Est. tempo de leitura":"1 minuto"},"schema":{"@context":"https:\/\/schema.org","@graph":[{"@type":"WebPage","@id":"https:\/\/fase.org.br\/caminhodasaguas\/onde-atuamos\/","url":"https:\/\/fase.org.br\/caminhodasaguas\/onde-atuamos\/","name":"ONDE ATUAMOS - Caminho das \u00c1guas","isPartOf":{"@id":"https:\/\/fase.org.br\/caminhodasaguas\/#website"},"primaryImageOfPage":{"@id":"https:\/\/fase.org.br\/caminhodasaguas\/onde-atuamos\/#primaryimage"},"image":{"@id":"https:\/\/fase.org.br\/caminhodasaguas\/onde-atuamos\/#primaryimage"},"thumbnailUrl":"https:\/\/fase.org.br\/caminhodasaguas\/wp-content\/uploads\/2025\/02\/Onde-atuamos-mapa.png","datePublished":"2025-02-18T22:15:20+00:00","dateModified":"2025-02-18T23:12:50+00:00","breadcrumb":{"@id":"https:\/\/fase.org.br\/caminhodasaguas\/onde-atuamos\/#breadcrumb"},"inLanguage":"pt-BR","potentialAction":[{"@type":"ReadAction","target":["https:\/\/fase.org.br\/caminhodasaguas\/onde-atuamos\/"]}]},{"@type":"ImageObject","inLanguage":"pt-BR","@id":"https:\/\/fase.org.br\/caminhodasaguas\/onde-atuamos\/#primaryimage","url":"https:\/\/fase.org.br\/caminhodasaguas\/wp-content\/uploads\/2025\/02\/Onde-atuamos-mapa.png","contentUrl":"https:\/\/fase.org.br\/caminhodasaguas\/wp-content\/uploads\/2025\/02\/Onde-atuamos-mapa.png","width":960,"height":902},{"@type":"BreadcrumbList","@id":"https:\/\/fase.org.br\/caminhodasaguas\/onde-atuamos\/#breadcrumb","itemListElement":[{"@type":"ListItem","position":1,"name":"In\u00edcio","item":"https:\/\/fase.org.br\/caminhodasaguas\/"},{"@type":"ListItem","position":2,"name":"ONDE ATUAMOS"}]},{"@type":"WebSite","@id":"https:\/\/fase.org.br\/caminhodasaguas\/#website","url":"https:\/\/fase.org.br\/caminhodasaguas\/","name":"Caminho das \u00c1guas","description":"","potentialAction":[{"@type":"SearchAction","target":{"@type":"EntryPoint","urlTemplate":"https:\/\/fase.org.br\/caminhodasaguas\/?s={search_term_string}"},"query-input":{"@type":"PropertyValueSpecification","valueRequired":true,"valueName":"search_term_string"}}],"inLanguage":"pt-BR"}]}},"_links":{"self":[{"href":"https:\/\/fase.org.br\/caminhodasaguas\/wp-json\/wp\/v2\/pages\/515","targetHints":{"allow":["GET"]}}],"collection":[{"href":"https:\/\/fase.org.br\/caminhodasaguas\/wp-json\/wp\/v2\/pages"}],"about":[{"href":"https:\/\/fase.org.br\/caminhodasaguas\/wp-json\/wp\/v2\/types\/page"}],"author":[{"embeddable":true,"href":"https:\/\/fase.org.br\/caminhodasaguas\/wp-json\/wp\/v2\/users\/1"}],"replies":[{"embeddable":true,"href":"https:\/\/fase.org.br\/caminhodasaguas\/wp-json\/wp\/v2\/comments?post=515"}],"version-history":[{"count":6,"href":"https:\/\/fase.org.br\/caminhodasaguas\/wp-json\/wp\/v2\/pages\/515\/revisions"}],"predecessor-version":[{"id":577,"href":"https:\/\/fase.org.br\/caminhodasaguas\/wp-json\/wp\/v2\/pages\/515\/revisions\/577"}],"wp:attachment":[{"href":"https:\/\/fase.org.br\/caminhodasaguas\/wp-json\/wp\/v2\/media?parent=515"}],"curies":[{"name":"wp","href":"https:\/\/api.w.org\/{rel}","templated":true}]}}