{"id":567,"date":"2025-02-18T23:03:57","date_gmt":"2025-02-18T23:03:57","guid":{"rendered":"https:\/\/fase.org.br\/caminhodasaguas\/?page_id=567"},"modified":"2025-05-22T20:47:10","modified_gmt":"2025-05-22T20:47:10","slug":"sobre","status":"publish","type":"page","link":"https:\/\/fase.org.br\/caminhodasaguas\/sobre\/","title":{"rendered":"SOBRE"},"content":{"rendered":"\n<iframe loading=\"lazy\" width=\"800\" height=\"450\" src=\"https:\/\/www.youtube.com\/embed\/Cr6pNbjfUAM?si=6nPQq3IBViD0bfpk\" title=\"YouTube video player\" frameborder=\"0\" allow=\"accelerometer; autoplay; clipboard-write; encrypted-media; gyroscope; picture-in-picture; web-share\" referrerpolicy=\"strict-origin-when-cross-origin\" align:\"center\" allowfullscreen><\/iframe>\n\n\n\n<p><\/p>\n\n\n\n<p>No caminho das \u00e1guas, a gente v\u00ea <strong>conflito<\/strong>.<\/p>\n\n\n\n<p>Entre quem acredita que a \u00e1gua \u00e9 <strong>direito<\/strong>, e quem trata a \u00e1gua como mercadoria.<\/p>\n\n\n\n<p>No caminho das \u00e1guas, a gente v\u00ea<strong> resist\u00eancia<\/strong>.<\/p>\n\n\n\n<p>Contra a privatiza\u00e7\u00e3o e contamina\u00e7\u00e3o, comunidades resistem na defesa das \u00e1guas como <strong>bem comum<\/strong>.<\/p>\n\n\n\n<p>No caminho das \u00e1guas, a gente v\u00ea<strong> esperan\u00e7a<\/strong>.<\/p>\n\n\n\n<p>Outras formas de se relacionar com as \u00e1guas, de viver e produzir, s\u00e3o poss\u00edveis.<\/p>\n\n\n\n<p>A mobiliza\u00e7\u00e3o da sociedade e as resist\u00eancias comunit\u00e1rias imp\u00f5em limites \u00e0 l\u00f3gica privatizante e destrutiva que gera ecoc\u00eddio das \u00e1guas.&nbsp;<\/p>\n\n\n\n<p>Tecnologias ancestrais e inovadoras mostram que \u00e9 poss\u00edvel ampliar o acesso \u00e0 \u00e1gua e cuidar de sua regenera\u00e7\u00e3o.<\/p>\n\n\n\n<p>A pol\u00edtica de uso e distribui\u00e7\u00e3o das \u00e1guas pode e deve ser democratizada.<\/p>\n\n\n\n<p>\u00c1gua \u00e9 direito, bem comum, alimento, sa\u00fade, territ\u00f3rio, sagrada.&nbsp;<\/p>\n\n\n\n<p>Junte-se \u00e0 FASE nessa correnteza.<\/p>\n\n\n\n<p><\/p>\n","protected":false},"excerpt":{"rendered":"<p>No caminho das \u00e1guas, a gente v\u00ea conflito. Entre quem acredita que a \u00e1gua \u00e9&#8230;<\/p>\n","protected":false},"author":1,"featured_media":0,"parent":0,"menu_order":0,"comment_status":"closed","ping_status":"closed","template":"","meta":{"_acf_changed":false,"footnotes":""},"class_list":["post-567","page","type-page","status-publish","hentry"],"acf":[],"yoast_head":"<!-- This site is optimized with the Yoast SEO plugin v27.3 - https:\/\/yoast.com\/product\/yoast-seo-wordpress\/ -->\n<title>SOBRE - Caminho das \u00c1guas<\/title>\n<meta name=\"robots\" content=\"index, follow, max-snippet:-1, max-image-preview:large, max-video-preview:-1\" \/>\n<link rel=\"canonical\" href=\"https:\/\/fase.org.br\/caminhodasaguas\/sobre\/\" \/>\n<meta property=\"og:locale\" content=\"pt_BR\" \/>\n<meta property=\"og:type\" content=\"article\" \/>\n<meta property=\"og:title\" content=\"SOBRE - Caminho das \u00c1guas\" \/>\n<meta property=\"og:description\" content=\"No caminho das \u00e1guas, a gente v\u00ea conflito. Entre quem acredita que a \u00e1gua \u00e9...\" \/>\n<meta property=\"og:url\" content=\"https:\/\/fase.org.br\/caminhodasaguas\/sobre\/\" \/>\n<meta property=\"og:site_name\" content=\"Caminho das \u00c1guas\" \/>\n<meta property=\"article:modified_time\" content=\"2025-05-22T20:47:10+00:00\" \/>\n<meta name=\"twitter:card\" content=\"summary_large_image\" \/>\n<meta name=\"twitter:label1\" content=\"Est. tempo de leitura\" \/>\n\t<meta name=\"twitter:data1\" content=\"1 minuto\" \/>\n<script type=\"application\/ld+json\" class=\"yoast-schema-graph\">{\"@context\":\"https:\\\/\\\/schema.org\",\"@graph\":[{\"@type\":\"WebPage\",\"@id\":\"https:\\\/\\\/fase.org.br\\\/caminhodasaguas\\\/sobre\\\/\",\"url\":\"https:\\\/\\\/fase.org.br\\\/caminhodasaguas\\\/sobre\\\/\",\"name\":\"SOBRE - Caminho das \u00c1guas\",\"isPartOf\":{\"@id\":\"https:\\\/\\\/fase.org.br\\\/caminhodasaguas\\\/#website\"},\"datePublished\":\"2025-02-18T23:03:57+00:00\",\"dateModified\":\"2025-05-22T20:47:10+00:00\",\"breadcrumb\":{\"@id\":\"https:\\\/\\\/fase.org.br\\\/caminhodasaguas\\\/sobre\\\/#breadcrumb\"},\"inLanguage\":\"pt-BR\",\"potentialAction\":[{\"@type\":\"ReadAction\",\"target\":[\"https:\\\/\\\/fase.org.br\\\/caminhodasaguas\\\/sobre\\\/\"]}]},{\"@type\":\"BreadcrumbList\",\"@id\":\"https:\\\/\\\/fase.org.br\\\/caminhodasaguas\\\/sobre\\\/#breadcrumb\",\"itemListElement\":[{\"@type\":\"ListItem\",\"position\":1,\"name\":\"In\u00edcio\",\"item\":\"https:\\\/\\\/fase.org.br\\\/caminhodasaguas\\\/\"},{\"@type\":\"ListItem\",\"position\":2,\"name\":\"SOBRE\"}]},{\"@type\":\"WebSite\",\"@id\":\"https:\\\/\\\/fase.org.br\\\/caminhodasaguas\\\/#website\",\"url\":\"https:\\\/\\\/fase.org.br\\\/caminhodasaguas\\\/\",\"name\":\"Caminho das \u00c1guas\",\"description\":\"\",\"potentialAction\":[{\"@type\":\"SearchAction\",\"target\":{\"@type\":\"EntryPoint\",\"urlTemplate\":\"https:\\\/\\\/fase.org.br\\\/caminhodasaguas\\\/?s={search_term_string}\"},\"query-input\":{\"@type\":\"PropertyValueSpecification\",\"valueRequired\":true,\"valueName\":\"search_term_string\"}}],\"inLanguage\":\"pt-BR\"}]}<\/script>\n<!-- \/ Yoast SEO plugin. -->","yoast_head_json":{"title":"SOBRE - Caminho das \u00c1guas","robots":{"index":"index","follow":"follow","max-snippet":"max-snippet:-1","max-image-preview":"max-image-preview:large","max-video-preview":"max-video-preview:-1"},"canonical":"https:\/\/fase.org.br\/caminhodasaguas\/sobre\/","og_locale":"pt_BR","og_type":"article","og_title":"SOBRE - Caminho das \u00c1guas","og_description":"No caminho das \u00e1guas, a gente v\u00ea conflito. Entre quem acredita que a \u00e1gua \u00e9...","og_url":"https:\/\/fase.org.br\/caminhodasaguas\/sobre\/","og_site_name":"Caminho das \u00c1guas","article_modified_time":"2025-05-22T20:47:10+00:00","twitter_card":"summary_large_image","twitter_misc":{"Est. tempo de leitura":"1 minuto"},"schema":{"@context":"https:\/\/schema.org","@graph":[{"@type":"WebPage","@id":"https:\/\/fase.org.br\/caminhodasaguas\/sobre\/","url":"https:\/\/fase.org.br\/caminhodasaguas\/sobre\/","name":"SOBRE - Caminho das \u00c1guas","isPartOf":{"@id":"https:\/\/fase.org.br\/caminhodasaguas\/#website"},"datePublished":"2025-02-18T23:03:57+00:00","dateModified":"2025-05-22T20:47:10+00:00","breadcrumb":{"@id":"https:\/\/fase.org.br\/caminhodasaguas\/sobre\/#breadcrumb"},"inLanguage":"pt-BR","potentialAction":[{"@type":"ReadAction","target":["https:\/\/fase.org.br\/caminhodasaguas\/sobre\/"]}]},{"@type":"BreadcrumbList","@id":"https:\/\/fase.org.br\/caminhodasaguas\/sobre\/#breadcrumb","itemListElement":[{"@type":"ListItem","position":1,"name":"In\u00edcio","item":"https:\/\/fase.org.br\/caminhodasaguas\/"},{"@type":"ListItem","position":2,"name":"SOBRE"}]},{"@type":"WebSite","@id":"https:\/\/fase.org.br\/caminhodasaguas\/#website","url":"https:\/\/fase.org.br\/caminhodasaguas\/","name":"Caminho das \u00c1guas","description":"","potentialAction":[{"@type":"SearchAction","target":{"@type":"EntryPoint","urlTemplate":"https:\/\/fase.org.br\/caminhodasaguas\/?s={search_term_string}"},"query-input":{"@type":"PropertyValueSpecification","valueRequired":true,"valueName":"search_term_string"}}],"inLanguage":"pt-BR"}]}},"_links":{"self":[{"href":"https:\/\/fase.org.br\/caminhodasaguas\/wp-json\/wp\/v2\/pages\/567","targetHints":{"allow":["GET"]}}],"collection":[{"href":"https:\/\/fase.org.br\/caminhodasaguas\/wp-json\/wp\/v2\/pages"}],"about":[{"href":"https:\/\/fase.org.br\/caminhodasaguas\/wp-json\/wp\/v2\/types\/page"}],"author":[{"embeddable":true,"href":"https:\/\/fase.org.br\/caminhodasaguas\/wp-json\/wp\/v2\/users\/1"}],"replies":[{"embeddable":true,"href":"https:\/\/fase.org.br\/caminhodasaguas\/wp-json\/wp\/v2\/comments?post=567"}],"version-history":[{"count":10,"href":"https:\/\/fase.org.br\/caminhodasaguas\/wp-json\/wp\/v2\/pages\/567\/revisions"}],"predecessor-version":[{"id":764,"href":"https:\/\/fase.org.br\/caminhodasaguas\/wp-json\/wp\/v2\/pages\/567\/revisions\/764"}],"wp:attachment":[{"href":"https:\/\/fase.org.br\/caminhodasaguas\/wp-json\/wp\/v2\/media?parent=567"}],"curies":[{"name":"wp","href":"https:\/\/api.w.org\/{rel}","templated":true}]}}