{"id":575,"date":"2025-02-18T23:17:17","date_gmt":"2025-02-18T23:17:17","guid":{"rendered":"https:\/\/fase.org.br\/caminhodasaguas\/?page_id=575"},"modified":"2025-05-30T11:17:21","modified_gmt":"2025-05-30T11:17:21","slug":"aquateca","status":"publish","type":"page","link":"https:\/\/fase.org.br\/caminhodasaguas\/aquateca\/","title":{"rendered":"AQUATECA"},"content":{"rendered":"\n<p class=\"has-text-align-center\"><strong>Aquateca \u00e9 um reposit\u00f3rio sobre \u00e1guas<\/strong>.<br><\/p>\n\n\n\n<p class=\"has-text-align-center\">Uma biblioteca com materiais nos mais diversos formatos,<br>como artigos, revistas, v\u00eddeos, estudos, legisla\u00e7\u00f5es, dossi\u00eas e tutoriais, que abordam a tem\u00e1tica da defesa das \u00e1guas e da busca por alternativas sustent\u00e1veis para um futuro no qual a \u00e1gua seja tratada verdadeiramente como um bem comum.\u00a0<\/p>\n\n\n\n<p class=\"has-text-align-center\">Esse acervo, em constante constru\u00e7\u00e3o, conta com produ\u00e7\u00f5es pr\u00f3prias da FASE assim como com conte\u00fados de terceiros. Neste espa\u00e7o voc\u00ea encontrar\u00e1 o fruto de pesquisas e trabalhos coletivos de indiv\u00edduos e organiza\u00e7\u00f5es que, assim como n\u00f3s, acreditam que nossas \u00e1guas devam ser protegidas e acess\u00edveis a todo mundo.&nbsp;<\/p>\n","protected":false},"excerpt":{"rendered":"<p>Aquateca \u00e9 um reposit\u00f3rio sobre \u00e1guas. Uma biblioteca com materiais nos mais diversos formatos,como artigos,&#8230;<\/p>\n","protected":false},"author":1,"featured_media":0,"parent":0,"menu_order":0,"comment_status":"closed","ping_status":"closed","template":"","meta":{"_acf_changed":false,"footnotes":""},"class_list":["post-575","page","type-page","status-publish","hentry"],"acf":[],"yoast_head":"<!-- This site is optimized with the Yoast SEO plugin v27.3 - https:\/\/yoast.com\/product\/yoast-seo-wordpress\/ -->\n<title>AQUATECA - Caminho das \u00c1guas<\/title>\n<meta name=\"robots\" content=\"index, follow, max-snippet:-1, max-image-preview:large, max-video-preview:-1\" \/>\n<link rel=\"canonical\" href=\"https:\/\/fase.org.br\/caminhodasaguas\/aquateca\/\" \/>\n<meta property=\"og:locale\" content=\"pt_BR\" \/>\n<meta property=\"og:type\" content=\"article\" \/>\n<meta property=\"og:title\" content=\"AQUATECA - Caminho das \u00c1guas\" \/>\n<meta property=\"og:description\" content=\"Aquateca \u00e9 um reposit\u00f3rio sobre \u00e1guas. Uma biblioteca com materiais nos mais diversos formatos,como artigos,...\" \/>\n<meta property=\"og:url\" content=\"https:\/\/fase.org.br\/caminhodasaguas\/aquateca\/\" \/>\n<meta property=\"og:site_name\" content=\"Caminho das \u00c1guas\" \/>\n<meta property=\"article:modified_time\" content=\"2025-05-30T11:17:21+00:00\" \/>\n<meta name=\"twitter:card\" content=\"summary_large_image\" \/>\n<meta name=\"twitter:label1\" content=\"Est. tempo de leitura\" \/>\n\t<meta name=\"twitter:data1\" content=\"1 minuto\" \/>\n<script type=\"application\/ld+json\" class=\"yoast-schema-graph\">{\"@context\":\"https:\\\/\\\/schema.org\",\"@graph\":[{\"@type\":\"WebPage\",\"@id\":\"https:\\\/\\\/fase.org.br\\\/caminhodasaguas\\\/aquateca\\\/\",\"url\":\"https:\\\/\\\/fase.org.br\\\/caminhodasaguas\\\/aquateca\\\/\",\"name\":\"AQUATECA - Caminho das \u00c1guas\",\"isPartOf\":{\"@id\":\"https:\\\/\\\/fase.org.br\\\/caminhodasaguas\\\/#website\"},\"datePublished\":\"2025-02-18T23:17:17+00:00\",\"dateModified\":\"2025-05-30T11:17:21+00:00\",\"breadcrumb\":{\"@id\":\"https:\\\/\\\/fase.org.br\\\/caminhodasaguas\\\/aquateca\\\/#breadcrumb\"},\"inLanguage\":\"pt-BR\",\"potentialAction\":[{\"@type\":\"ReadAction\",\"target\":[\"https:\\\/\\\/fase.org.br\\\/caminhodasaguas\\\/aquateca\\\/\"]}]},{\"@type\":\"BreadcrumbList\",\"@id\":\"https:\\\/\\\/fase.org.br\\\/caminhodasaguas\\\/aquateca\\\/#breadcrumb\",\"itemListElement\":[{\"@type\":\"ListItem\",\"position\":1,\"name\":\"In\u00edcio\",\"item\":\"https:\\\/\\\/fase.org.br\\\/caminhodasaguas\\\/\"},{\"@type\":\"ListItem\",\"position\":2,\"name\":\"AQUATECA\"}]},{\"@type\":\"WebSite\",\"@id\":\"https:\\\/\\\/fase.org.br\\\/caminhodasaguas\\\/#website\",\"url\":\"https:\\\/\\\/fase.org.br\\\/caminhodasaguas\\\/\",\"name\":\"Caminho das \u00c1guas\",\"description\":\"\",\"potentialAction\":[{\"@type\":\"SearchAction\",\"target\":{\"@type\":\"EntryPoint\",\"urlTemplate\":\"https:\\\/\\\/fase.org.br\\\/caminhodasaguas\\\/?s={search_term_string}\"},\"query-input\":{\"@type\":\"PropertyValueSpecification\",\"valueRequired\":true,\"valueName\":\"search_term_string\"}}],\"inLanguage\":\"pt-BR\"}]}<\/script>\n<!-- \/ Yoast SEO plugin. -->","yoast_head_json":{"title":"AQUATECA - Caminho das \u00c1guas","robots":{"index":"index","follow":"follow","max-snippet":"max-snippet:-1","max-image-preview":"max-image-preview:large","max-video-preview":"max-video-preview:-1"},"canonical":"https:\/\/fase.org.br\/caminhodasaguas\/aquateca\/","og_locale":"pt_BR","og_type":"article","og_title":"AQUATECA - Caminho das \u00c1guas","og_description":"Aquateca \u00e9 um reposit\u00f3rio sobre \u00e1guas. Uma biblioteca com materiais nos mais diversos formatos,como artigos,...","og_url":"https:\/\/fase.org.br\/caminhodasaguas\/aquateca\/","og_site_name":"Caminho das \u00c1guas","article_modified_time":"2025-05-30T11:17:21+00:00","twitter_card":"summary_large_image","twitter_misc":{"Est. tempo de leitura":"1 minuto"},"schema":{"@context":"https:\/\/schema.org","@graph":[{"@type":"WebPage","@id":"https:\/\/fase.org.br\/caminhodasaguas\/aquateca\/","url":"https:\/\/fase.org.br\/caminhodasaguas\/aquateca\/","name":"AQUATECA - Caminho das \u00c1guas","isPartOf":{"@id":"https:\/\/fase.org.br\/caminhodasaguas\/#website"},"datePublished":"2025-02-18T23:17:17+00:00","dateModified":"2025-05-30T11:17:21+00:00","breadcrumb":{"@id":"https:\/\/fase.org.br\/caminhodasaguas\/aquateca\/#breadcrumb"},"inLanguage":"pt-BR","potentialAction":[{"@type":"ReadAction","target":["https:\/\/fase.org.br\/caminhodasaguas\/aquateca\/"]}]},{"@type":"BreadcrumbList","@id":"https:\/\/fase.org.br\/caminhodasaguas\/aquateca\/#breadcrumb","itemListElement":[{"@type":"ListItem","position":1,"name":"In\u00edcio","item":"https:\/\/fase.org.br\/caminhodasaguas\/"},{"@type":"ListItem","position":2,"name":"AQUATECA"}]},{"@type":"WebSite","@id":"https:\/\/fase.org.br\/caminhodasaguas\/#website","url":"https:\/\/fase.org.br\/caminhodasaguas\/","name":"Caminho das \u00c1guas","description":"","potentialAction":[{"@type":"SearchAction","target":{"@type":"EntryPoint","urlTemplate":"https:\/\/fase.org.br\/caminhodasaguas\/?s={search_term_string}"},"query-input":{"@type":"PropertyValueSpecification","valueRequired":true,"valueName":"search_term_string"}}],"inLanguage":"pt-BR"}]}},"_links":{"self":[{"href":"https:\/\/fase.org.br\/caminhodasaguas\/wp-json\/wp\/v2\/pages\/575","targetHints":{"allow":["GET"]}}],"collection":[{"href":"https:\/\/fase.org.br\/caminhodasaguas\/wp-json\/wp\/v2\/pages"}],"about":[{"href":"https:\/\/fase.org.br\/caminhodasaguas\/wp-json\/wp\/v2\/types\/page"}],"author":[{"embeddable":true,"href":"https:\/\/fase.org.br\/caminhodasaguas\/wp-json\/wp\/v2\/users\/1"}],"replies":[{"embeddable":true,"href":"https:\/\/fase.org.br\/caminhodasaguas\/wp-json\/wp\/v2\/comments?post=575"}],"version-history":[{"count":18,"href":"https:\/\/fase.org.br\/caminhodasaguas\/wp-json\/wp\/v2\/pages\/575\/revisions"}],"predecessor-version":[{"id":893,"href":"https:\/\/fase.org.br\/caminhodasaguas\/wp-json\/wp\/v2\/pages\/575\/revisions\/893"}],"wp:attachment":[{"href":"https:\/\/fase.org.br\/caminhodasaguas\/wp-json\/wp\/v2\/media?parent=575"}],"curies":[{"name":"wp","href":"https:\/\/api.w.org\/{rel}","templated":true}]}}